{"id":4164,"date":"2022-09-06T09:36:50","date_gmt":"2022-09-06T15:36:50","guid":{"rendered":"https:\/\/maristacostarica.org\/home\/?page_id=4164"},"modified":"2022-09-06T11:15:48","modified_gmt":"2022-09-06T17:15:48","slug":"mision","status":"publish","type":"page","link":"https:\/\/maristacostarica.org\/home\/quienes-somos\/mision\/","title":{"rendered":"Misi\u00f3n"},"content":{"rendered":"\t\t<div data-elementor-type=\"wp-page\" data-elementor-id=\"4164\" class=\"elementor elementor-4164\" data-elementor-post-type=\"page\">\n\t\t\t\t\t\t<section class=\"elementor-section elementor-top-section elementor-element elementor-element-de6e01b elementor-section-full_width elementor-section-height-default elementor-section-height-default\" data-id=\"de6e01b\" data-element_type=\"section\" data-e-type=\"section\" data-settings=\"{&quot;background_background&quot;:&quot;classic&quot;}\">\n\t\t\t\t\t\t<div class=\"elementor-container elementor-column-gap-no\">\n\t\t\t\t\t<div class=\"elementor-column elementor-col-100 elementor-top-column elementor-element elementor-element-20aecf7\" data-id=\"20aecf7\" data-element_type=\"column\" data-e-type=\"column\">\n\t\t\t<div class=\"elementor-widget-wrap elementor-element-populated\">\n\t\t\t\t\t\t<section class=\"elementor-section elementor-inner-section elementor-element elementor-element-04b85df elementor-section-boxed elementor-section-height-default elementor-section-height-default elementor-invisible\" data-id=\"04b85df\" data-element_type=\"section\" data-e-type=\"section\" data-settings=\"{&quot;motion_fx_motion_fx_scrolling&quot;:&quot;yes&quot;,&quot;animation&quot;:&quot;slideInRight&quot;,&quot;motion_fx_devices&quot;:[&quot;desktop&quot;,&quot;tablet&quot;,&quot;mobile&quot;]}\">\n\t\t\t\t\t\t<div class=\"elementor-container elementor-column-gap-default\">\n\t\t\t\t\t<div class=\"elementor-column elementor-col-100 elementor-inner-column elementor-element elementor-element-a432ff0\" data-id=\"a432ff0\" data-element_type=\"column\" data-e-type=\"column\">\n\t\t\t<div class=\"elementor-widget-wrap elementor-element-populated\">\n\t\t\t\t\t\t<div class=\"elementor-element elementor-element-e922189 elementor-widget__width-initial elementor-widget-mobile__width-initial elementor-widget elementor-widget-image\" data-id=\"e922189\" data-element_type=\"widget\" data-e-type=\"widget\" data-widget_type=\"image.default\">\n\t\t\t\t<div class=\"elementor-widget-container\">\n\t\t\t\t\t\t\t\t\t\t\t\t\t\t\t<img decoding=\"async\" width=\"13\" height=\"40\" src=\"https:\/\/maristacostarica.org\/home\/wp-content\/uploads\/2021\/08\/section.png\" class=\"attachment-full size-full wp-image-86\" alt=\"\" \/>\t\t\t\t\t\t\t\t\t\t\t\t\t\t\t<\/div>\n\t\t\t\t<\/div>\n\t\t\t\t<div class=\"elementor-element elementor-element-b0ad1ff elementor-widget__width-auto elementor-widget elementor-widget-heading\" data-id=\"b0ad1ff\" data-element_type=\"widget\" data-e-type=\"widget\" data-widget_type=\"heading.default\">\n\t\t\t\t<div class=\"elementor-widget-container\">\n\t\t\t\t\t<h2 class=\"elementor-heading-title elementor-size-default\">MISI\u00d3N <\/h2>\t\t\t\t<\/div>\n\t\t\t\t<\/div>\n\t\t\t\t\t<\/div>\n\t\t<\/div>\n\t\t\t\t\t<\/div>\n\t\t<\/section>\n\t\t\t\t\t<\/div>\n\t\t<\/div>\n\t\t\t\t\t<\/div>\n\t\t<\/section>\n\t\t\t\t<section class=\"elementor-section elementor-top-section elementor-element elementor-element-29d9afb elementor-section-boxed elementor-section-height-default elementor-section-height-default\" data-id=\"29d9afb\" data-element_type=\"section\" data-e-type=\"section\">\n\t\t\t\t\t\t<div class=\"elementor-container elementor-column-gap-default\">\n\t\t\t\t\t<div class=\"elementor-column elementor-col-33 elementor-top-column elementor-element elementor-element-cfdc2d2\" data-id=\"cfdc2d2\" data-element_type=\"column\" data-e-type=\"column\">\n\t\t\t<div class=\"elementor-widget-wrap elementor-element-populated\">\n\t\t\t\t\t\t<div class=\"elementor-element elementor-element-9ba768c elementor-widget elementor-widget-text-editor\" data-id=\"9ba768c\" data-element_type=\"widget\" data-e-type=\"widget\" data-widget_type=\"text-editor.default\">\n\t\t\t\t<div class=\"elementor-widget-container\">\n\t\t\t\t\t\t\t\t\t<p>EL Colegio Marista de Alajuela es una instituci\u00f3n cat\u00f3lica, vinculada a la Congregaci\u00f3n Marista, Cuya misi\u00f3n es educar integralmente a ni\u00f1os, ni\u00f1as y j\u00f3venes mediante: Una clara filosof\u00eda institucional en referencia al Evangelio de Jesucristo;<\/p>\n<ul style=\"font-size: 18px;\">\n<li style=\"font-size: 18px;\">&nbsp;La vivencia de las actitudes de la Virgen Mar\u00eda en el proceso de mediaci\u00f3n pedag\u00f3gica y en el clima de las relaciones interpersonales que fomenta el sentido &nbsp;de comunidad y el esp\u00edritu de familia;<\/li>\n<li style=\"font-size: 18px;\">La promoci\u00f3n holista de la persona;<\/li>\n<li style=\"font-size: 18px;\">La excelencia acad\u00e9mica;&nbsp;<\/li>\n<li style=\"font-size: 18px;\">Una visi\u00f3n social inclusiva y relevante que impulsa la solidaridad con los menos favorecidos;<\/li>\n<li style=\"font-size: 18px;\">Un curr\u00edculo humanista, constructivista e intercultural y una organizaci\u00f3n y gesti\u00f3n innovadora.<\/li>\n<\/ul>\t\t\t\t\t\t\t\t<\/div>\n\t\t\t\t<\/div>\n\t\t\t\t\t<\/div>\n\t\t<\/div>\n\t\t\t\t<div class=\"elementor-column elementor-col-66 elementor-top-column elementor-element elementor-element-ab50fc7\" data-id=\"ab50fc7\" data-element_type=\"column\" data-e-type=\"column\">\n\t\t\t<div class=\"elementor-widget-wrap elementor-element-populated\">\n\t\t\t\t\t\t<div class=\"elementor-element elementor-element-07ae466 elementor-widget elementor-widget-image\" data-id=\"07ae466\" data-element_type=\"widget\" data-e-type=\"widget\" data-widget_type=\"image.default\">\n\t\t\t\t<div class=\"elementor-widget-container\">\n\t\t\t\t\t\t\t\t\t\t\t\t\t\t\t<img fetchpriority=\"high\" decoding=\"async\" width=\"640\" height=\"504\" src=\"https:\/\/maristacostarica.org\/home\/wp-content\/uploads\/2022\/09\/maria-buen-madre-.jpeg\" class=\"attachment-large size-large wp-image-4201\" alt=\"\" \/>\t\t\t\t\t\t\t\t\t\t\t\t\t\t\t<\/div>\n\t\t\t\t<\/div>\n\t\t\t\t\t<\/div>\n\t\t<\/div>\n\t\t\t\t\t<\/div>\n\t\t<\/section>\n\t\t\t\t<\/div>\n\t\t","protected":false},"excerpt":{"rendered":"<p>MISI\u00d3N EL Colegio Marista de Alajuela es una instituci\u00f3n cat\u00f3lica, vinculada a la Congregaci\u00f3n Marista, Cuya misi\u00f3n es educar integralmente a ni\u00f1os, ni\u00f1as y j\u00f3venes mediante: Una clara filosof\u00eda institucional en referencia al Evangelio de Jesucristo; &nbsp;La vivencia de las actitudes de la Virgen Mar\u00eda en el proceso de mediaci\u00f3n pedag\u00f3gica y en el clima [&hellip;]<\/p>\n","protected":false},"author":5,"featured_media":0,"parent":1788,"menu_order":1,"comment_status":"closed","ping_status":"closed","template":"","meta":{"_monsterinsights_skip_tracking":false,"_monsterinsights_sitenote_active":false,"_monsterinsights_sitenote_note":"","_monsterinsights_sitenote_category":0,"footnotes":""},"class_list":["post-4164","page","type-page","status-publish","hentry"],"_links":{"self":[{"href":"https:\/\/maristacostarica.org\/home\/wp-json\/wp\/v2\/pages\/4164","targetHints":{"allow":["GET"]}}],"collection":[{"href":"https:\/\/maristacostarica.org\/home\/wp-json\/wp\/v2\/pages"}],"about":[{"href":"https:\/\/maristacostarica.org\/home\/wp-json\/wp\/v2\/types\/page"}],"author":[{"embeddable":true,"href":"https:\/\/maristacostarica.org\/home\/wp-json\/wp\/v2\/users\/5"}],"replies":[{"embeddable":true,"href":"https:\/\/maristacostarica.org\/home\/wp-json\/wp\/v2\/comments?post=4164"}],"version-history":[{"count":22,"href":"https:\/\/maristacostarica.org\/home\/wp-json\/wp\/v2\/pages\/4164\/revisions"}],"predecessor-version":[{"id":4208,"href":"https:\/\/maristacostarica.org\/home\/wp-json\/wp\/v2\/pages\/4164\/revisions\/4208"}],"up":[{"embeddable":true,"href":"https:\/\/maristacostarica.org\/home\/wp-json\/wp\/v2\/pages\/1788"}],"wp:attachment":[{"href":"https:\/\/maristacostarica.org\/home\/wp-json\/wp\/v2\/media?parent=4164"}],"curies":[{"name":"wp","href":"https:\/\/api.w.org\/{rel}","templated":true}]}}