{"id":35,"date":"2021-08-16T16:51:49","date_gmt":"2021-08-16T16:51:49","guid":{"rendered":"https:\/\/maristacostarica.org\/home\/?page_id=35"},"modified":"2022-09-02T10:35:40","modified_gmt":"2022-09-02T16:35:40","slug":"historia","status":"publish","type":"page","link":"https:\/\/maristacostarica.org\/home\/quienes-somos\/historia\/","title":{"rendered":"Historia"},"content":{"rendered":"\t\t<div data-elementor-type=\"wp-page\" data-elementor-id=\"35\" class=\"elementor elementor-35\" data-elementor-post-type=\"page\">\n\t\t\t\t\t\t<section class=\"elementor-section elementor-top-section elementor-element elementor-element-00ef4c4 elementor-section-full_width elementor-section-height-default elementor-section-height-default\" data-id=\"00ef4c4\" data-element_type=\"section\" data-e-type=\"section\" data-settings=\"{&quot;background_background&quot;:&quot;classic&quot;}\">\n\t\t\t\t\t\t<div class=\"elementor-container elementor-column-gap-default\">\n\t\t\t\t\t<div class=\"elementor-column elementor-col-100 elementor-top-column elementor-element elementor-element-be0445d\" data-id=\"be0445d\" data-element_type=\"column\" data-e-type=\"column\">\n\t\t\t<div class=\"elementor-widget-wrap elementor-element-populated\">\n\t\t\t\t\t\t<section class=\"elementor-section elementor-inner-section elementor-element elementor-element-4a0717a elementor-section-boxed elementor-section-height-default elementor-section-height-default elementor-invisible\" data-id=\"4a0717a\" data-element_type=\"section\" data-e-type=\"section\" data-settings=\"{&quot;motion_fx_motion_fx_scrolling&quot;:&quot;yes&quot;,&quot;animation&quot;:&quot;slideInRight&quot;,&quot;animation_delay&quot;:0,&quot;motion_fx_devices&quot;:[&quot;desktop&quot;,&quot;tablet&quot;,&quot;mobile&quot;]}\">\n\t\t\t\t\t\t<div class=\"elementor-container elementor-column-gap-default\">\n\t\t\t\t\t<div class=\"elementor-column elementor-col-100 elementor-inner-column elementor-element elementor-element-5e4a548\" data-id=\"5e4a548\" data-element_type=\"column\" data-e-type=\"column\">\n\t\t\t<div class=\"elementor-widget-wrap elementor-element-populated\">\n\t\t\t\t\t\t<div class=\"elementor-element elementor-element-de26f71 elementor-widget__width-initial elementor-widget-mobile__width-initial elementor-widget elementor-widget-image\" data-id=\"de26f71\" data-element_type=\"widget\" data-e-type=\"widget\" data-widget_type=\"image.default\">\n\t\t\t\t<div class=\"elementor-widget-container\">\n\t\t\t\t\t\t\t\t\t\t\t\t\t\t\t<img decoding=\"async\" width=\"13\" height=\"40\" src=\"https:\/\/maristacostarica.org\/home\/wp-content\/uploads\/2021\/08\/section.png\" class=\"attachment-full size-full wp-image-86\" alt=\"\" \/>\t\t\t\t\t\t\t\t\t\t\t\t\t\t\t<\/div>\n\t\t\t\t<\/div>\n\t\t\t\t<div class=\"elementor-element elementor-element-0ed7916 elementor-widget__width-auto elementor-widget elementor-widget-heading\" data-id=\"0ed7916\" data-element_type=\"widget\" data-e-type=\"widget\" data-widget_type=\"heading.default\">\n\t\t\t\t<div class=\"elementor-widget-container\">\n\t\t\t\t\t<h2 class=\"elementor-heading-title elementor-size-default\">HISTORIA<\/h2>\t\t\t\t<\/div>\n\t\t\t\t<\/div>\n\t\t\t\t\t<\/div>\n\t\t<\/div>\n\t\t\t\t\t<\/div>\n\t\t<\/section>\n\t\t\t\t\t<\/div>\n\t\t<\/div>\n\t\t\t\t\t<\/div>\n\t\t<\/section>\n\t\t\t\t<section class=\"elementor-section elementor-top-section elementor-element elementor-element-9ba6ae1 elementor-section-full_width elementor-section-height-default elementor-section-height-default\" data-id=\"9ba6ae1\" data-element_type=\"section\" data-e-type=\"section\">\n\t\t\t\t\t\t<div class=\"elementor-container elementor-column-gap-no\">\n\t\t\t\t\t<div class=\"elementor-column elementor-col-100 elementor-top-column elementor-element elementor-element-90901cb\" data-id=\"90901cb\" data-element_type=\"column\" data-e-type=\"column\">\n\t\t\t<div class=\"elementor-widget-wrap elementor-element-populated\">\n\t\t\t\t\t\t<div class=\"elementor-element elementor-element-9b1c952 elementor-widget elementor-widget-image\" data-id=\"9b1c952\" data-element_type=\"widget\" data-e-type=\"widget\" data-widget_type=\"image.default\">\n\t\t\t\t<div class=\"elementor-widget-container\">\n\t\t\t\t\t\t\t\t\t\t\t\t\t\t\t<img fetchpriority=\"high\" decoding=\"async\" width=\"800\" height=\"534\" src=\"https:\/\/maristacostarica.org\/home\/wp-content\/uploads\/2022\/09\/colegio-1024x683.jpg\" class=\"attachment-large size-large wp-image-3951\" alt=\"\" srcset=\"https:\/\/maristacostarica.org\/home\/wp-content\/uploads\/2022\/09\/colegio-1024x683.jpg 1024w, https:\/\/maristacostarica.org\/home\/wp-content\/uploads\/2022\/09\/colegio-300x200.jpg 300w, https:\/\/maristacostarica.org\/home\/wp-content\/uploads\/2022\/09\/colegio-768x512.jpg 768w, https:\/\/maristacostarica.org\/home\/wp-content\/uploads\/2022\/09\/colegio-391x260.jpg 391w, https:\/\/maristacostarica.org\/home\/wp-content\/uploads\/2022\/09\/colegio-1536x1024.jpg 1536w, https:\/\/maristacostarica.org\/home\/wp-content\/uploads\/2022\/09\/colegio-2048x1365.jpg 2048w\" sizes=\"(max-width: 800px) 100vw, 800px\" \/>\t\t\t\t\t\t\t\t\t\t\t\t\t\t\t<\/div>\n\t\t\t\t<\/div>\n\t\t\t\t\t<\/div>\n\t\t<\/div>\n\t\t\t\t\t<\/div>\n\t\t<\/section>\n\t\t\t\t<section class=\"elementor-section elementor-top-section elementor-element elementor-element-7c3fc70 elementor-section-boxed elementor-section-height-default elementor-section-height-default\" data-id=\"7c3fc70\" data-element_type=\"section\" data-e-type=\"section\">\n\t\t\t\t\t\t<div class=\"elementor-container elementor-column-gap-default\">\n\t\t\t\t\t<div class=\"elementor-column elementor-col-100 elementor-top-column elementor-element elementor-element-41846c1\" data-id=\"41846c1\" data-element_type=\"column\" data-e-type=\"column\">\n\t\t\t<div class=\"elementor-widget-wrap elementor-element-populated\">\n\t\t\t\t\t\t<div class=\"elementor-element elementor-element-1fb1e02 elementor-widget elementor-widget-text-editor\" data-id=\"1fb1e02\" data-element_type=\"widget\" data-e-type=\"widget\" data-widget_type=\"text-editor.default\">\n\t\t\t\t<div class=\"elementor-widget-container\">\n\t\t\t\t\t\t\t\t\t<p class=\"MsoNormal\" style=\"margin: 0cm; font-size: medium; font-family: Calibri, sans-serif; caret-color: #000000; color: #000000;\"><span style=\"font-size: 13.5pt; font-family: 'Open Sans', sans-serif; color: #333333;\">El Colegio Marista de Alajuela se fund\u00f3 en 1967. Inici\u00f3 sus labores el primer lunes de marzo de aquel a\u00f1o con una poblaci\u00f3n aproximada de 107 estudiantes distribuidos en primero y quinto grado y s\u00e9ptimo a\u00f1o. El director fundador fue el Hermano Juan Alonso Tablado.<\/span><\/p><p class=\"MsoNormal\" style=\"margin: 0cm; font-size: medium; font-family: Calibri, sans-serif; caret-color: #000000; color: #000000;\"><span style=\"font-size: 13.5pt; font-family: 'Open Sans', sans-serif; color: #333333;\">La primera graduaci\u00f3n de bachilleres tuvo lugar en el a\u00f1o 1971. A los pocos a\u00f1os ingresaron las primeras estudiantes maristas y en el a\u00f1o 1975 se graduaron las primeras bachilleres maristas.<\/span><\/p><p class=\"MsoNormal\" style=\"margin: 0cm; font-size: medium; font-family: Calibri, sans-serif; caret-color: #000000; color: #000000;\"><span style=\"font-size: 13.5pt; font-family: 'Open Sans', sans-serif; color: #333333;\">En la d\u00e9cada de los 90 fue necesaria una ampliaci\u00f3n del Colegio y adem\u00e1s nacieron dos programas nuevos: PROEI y Taller Prevocacional para alumnos con necesidades especiales. A partir del presente a\u00f1o funciona solamente el Taller Prevocacional con una matr\u00edcula aproximada de 70 estudiantes.\u00a0<\/span><\/p><p class=\"MsoNormal\" style=\"margin: 0cm; font-size: medium; font-family: Calibri, sans-serif; caret-color: #000000; color: #000000;\"><span style=\"font-size: 13.5pt; font-family: 'Open Sans', sans-serif; color: #333333;\">La presencia marista creci\u00f3 en Costa Rica en el a\u00f1o 1999 con la fundaci\u00f3n de una comunidad de Hermanos en Los Chiles, en la zona norte de la provincia de Alajuela. Esta comunidad se traslada a Naranjo en el a\u00f1o 2015. En la actualidad en esta poblaci\u00f3n atienden a unas 30 escuelas y colegios del MEP a trav\u00e9s del PROYECTO S\u00c9NECA. El objetivo del proyecto es apoyar a las escuelas y colegios en convivencias para alumnos y alumnas, formaci\u00f3n de profesores y profesoras, escuelas de Padres y Madres. La Comunidad Educativa del Colegio de Alajuela est\u00e1 muy implicada en todo este proceso. Esta comunidad Alajuela en el a\u00f1o 2020 sin dejar de atender las escuela de naranjo.<\/span><\/p>\t\t\t\t\t\t\t\t<\/div>\n\t\t\t\t<\/div>\n\t\t\t\t\t<\/div>\n\t\t<\/div>\n\t\t\t\t\t<\/div>\n\t\t<\/section>\n\t\t\t\t<section class=\"elementor-section elementor-top-section elementor-element elementor-element-322ba3c elementor-section-boxed elementor-section-height-default elementor-section-height-default\" data-id=\"322ba3c\" data-element_type=\"section\" data-e-type=\"section\">\n\t\t\t\t\t\t<div class=\"elementor-container elementor-column-gap-default\">\n\t\t\t\t\t<div class=\"elementor-column elementor-col-100 elementor-top-column elementor-element elementor-element-ef864fd\" data-id=\"ef864fd\" data-element_type=\"column\" data-e-type=\"column\">\n\t\t\t<div class=\"elementor-widget-wrap elementor-element-populated\">\n\t\t\t\t\t\t<div class=\"elementor-element elementor-element-2cee548 elementor-widget elementor-widget-image\" data-id=\"2cee548\" data-element_type=\"widget\" data-e-type=\"widget\" data-widget_type=\"image.default\">\n\t\t\t\t<div class=\"elementor-widget-container\">\n\t\t\t\t\t\t\t\t\t\t\t\t\t\t\t<img decoding=\"async\" width=\"300\" height=\"260\" src=\"https:\/\/maristacostarica.org\/home\/wp-content\/uploads\/2022\/08\/historia--300x260.png\" class=\"attachment-medium size-medium wp-image-3304\" alt=\"\" srcset=\"https:\/\/maristacostarica.org\/home\/wp-content\/uploads\/2022\/08\/historia--300x260.png 300w, https:\/\/maristacostarica.org\/home\/wp-content\/uploads\/2022\/08\/historia-.png 366w\" sizes=\"(max-width: 300px) 100vw, 300px\" \/>\t\t\t\t\t\t\t\t\t\t\t\t\t\t\t<\/div>\n\t\t\t\t<\/div>\n\t\t\t\t\t<\/div>\n\t\t<\/div>\n\t\t\t\t\t<\/div>\n\t\t<\/section>\n\t\t\t\t<section class=\"elementor-section elementor-top-section elementor-element elementor-element-0de8424 elementor-section-boxed elementor-section-height-default elementor-section-height-default\" data-id=\"0de8424\" data-element_type=\"section\" data-e-type=\"section\">\n\t\t\t\t\t\t<div class=\"elementor-container elementor-column-gap-default\">\n\t\t\t\t\t<div class=\"elementor-column elementor-col-100 elementor-top-column elementor-element elementor-element-69686cf\" data-id=\"69686cf\" data-element_type=\"column\" data-e-type=\"column\">\n\t\t\t<div class=\"elementor-widget-wrap elementor-element-populated\">\n\t\t\t\t\t\t<div class=\"elementor-element elementor-element-cc35756 elementor-widget elementor-widget-heading\" data-id=\"cc35756\" data-element_type=\"widget\" data-e-type=\"widget\" data-widget_type=\"heading.default\">\n\t\t\t\t<div class=\"elementor-widget-container\">\n\t\t\t\t\t<h2 class=\"elementor-heading-title elementor-size-default\">Comunidades de Hermanos <\/h2>\t\t\t\t<\/div>\n\t\t\t\t<\/div>\n\t\t\t\t\t<\/div>\n\t\t<\/div>\n\t\t\t\t\t<\/div>\n\t\t<\/section>\n\t\t\t\t<section class=\"elementor-section elementor-top-section elementor-element elementor-element-6b1759e elementor-section-boxed elementor-section-height-default elementor-section-height-default\" data-id=\"6b1759e\" data-element_type=\"section\" data-e-type=\"section\">\n\t\t\t\t\t\t<div class=\"elementor-container elementor-column-gap-default\">\n\t\t\t\t\t<div class=\"elementor-column elementor-col-100 elementor-top-column elementor-element elementor-element-c5c0c90\" data-id=\"c5c0c90\" data-element_type=\"column\" data-e-type=\"column\">\n\t\t\t<div class=\"elementor-widget-wrap elementor-element-populated\">\n\t\t\t\t\t\t<div class=\"elementor-element elementor-element-20ffe9b elementor-widget elementor-widget-text-editor\" data-id=\"20ffe9b\" data-element_type=\"widget\" data-e-type=\"widget\" data-widget_type=\"text-editor.default\">\n\t\t\t\t<div class=\"elementor-widget-container\">\n\t\t\t\t\t\t\t\t\t<p class=\"MsoNormal\" style=\"margin: 5pt 0cm;\"><span style=\"font-size: large;\"><span style=\"caret-color: #000000;\">Actualmente la comunidad de hermanos est\u00e1 conformada por cuatro hermanos. Sus integrantes son el Hno. Martino Conde, \u00a0 \u00a0 \u00a0 \u00a0 \u00a0Hno. Adolfo Cerme\u00f1o, Hno. Jos\u00e9 Antonio Alonso, Hno. Salvador Garcia y el\u00a0<\/span><\/span><span style=\"caret-color: #000000;\">Hno Balbino Ju\u00e1rez que\u00a0part\u00edo a la casa del\u00a0Se\u00f1or.\u00a0<\/span><\/p>\t\t\t\t\t\t\t\t<\/div>\n\t\t\t\t<\/div>\n\t\t\t\t\t<\/div>\n\t\t<\/div>\n\t\t\t\t\t<\/div>\n\t\t<\/section>\n\t\t\t\t<section class=\"elementor-section elementor-top-section elementor-element elementor-element-aed44e6 elementor-section-boxed elementor-section-height-default elementor-section-height-default\" data-id=\"aed44e6\" data-element_type=\"section\" data-e-type=\"section\">\n\t\t\t\t\t\t<div class=\"elementor-container elementor-column-gap-default\">\n\t\t\t\t\t<div class=\"elementor-column elementor-col-100 elementor-top-column elementor-element elementor-element-2a7fc20\" data-id=\"2a7fc20\" data-element_type=\"column\" data-e-type=\"column\">\n\t\t\t<div class=\"elementor-widget-wrap elementor-element-populated\">\n\t\t\t\t\t\t<div class=\"elementor-element elementor-element-34d1be3 elementor-widget elementor-widget-image\" data-id=\"34d1be3\" data-element_type=\"widget\" data-e-type=\"widget\" data-widget_type=\"image.default\">\n\t\t\t\t<div class=\"elementor-widget-container\">\n\t\t\t\t\t\t\t\t\t\t\t\t\t\t\t<img decoding=\"async\" src=\"https:\/\/maristacostarica.org\/home\/wp-content\/uploads\/elementor\/thumbs\/foto-comunidad-2022-pu6bl6w2loj191tdeqy7ad6uvml5002cmqi95icssg.jpeg\" title=\"foto comunidad 2022\" alt=\"foto comunidad 2022\" loading=\"lazy\" \/>\t\t\t\t\t\t\t\t\t\t\t\t\t\t\t<\/div>\n\t\t\t\t<\/div>\n\t\t\t\t\t<\/div>\n\t\t<\/div>\n\t\t\t\t\t<\/div>\n\t\t<\/section>\n\t\t\t\t<\/div>\n\t\t","protected":false},"excerpt":{"rendered":"<p>HISTORIA El Colegio Marista de Alajuela se fund\u00f3 en 1967. Inici\u00f3 sus labores el primer lunes de marzo de aquel a\u00f1o con una poblaci\u00f3n aproximada de 107 estudiantes distribuidos en primero y quinto grado y s\u00e9ptimo a\u00f1o. El director fundador fue el Hermano Juan Alonso Tablado. La primera graduaci\u00f3n de bachilleres tuvo lugar en el [&hellip;]<\/p>\n","protected":false},"author":4,"featured_media":0,"parent":1788,"menu_order":2,"comment_status":"closed","ping_status":"closed","template":"elementor_header_footer","meta":{"_monsterinsights_skip_tracking":false,"_monsterinsights_sitenote_active":false,"_monsterinsights_sitenote_note":"","_monsterinsights_sitenote_category":0,"footnotes":""},"class_list":["post-35","page","type-page","status-publish","hentry"],"_links":{"self":[{"href":"https:\/\/maristacostarica.org\/home\/wp-json\/wp\/v2\/pages\/35","targetHints":{"allow":["GET"]}}],"collection":[{"href":"https:\/\/maristacostarica.org\/home\/wp-json\/wp\/v2\/pages"}],"about":[{"href":"https:\/\/maristacostarica.org\/home\/wp-json\/wp\/v2\/types\/page"}],"author":[{"embeddable":true,"href":"https:\/\/maristacostarica.org\/home\/wp-json\/wp\/v2\/users\/4"}],"replies":[{"embeddable":true,"href":"https:\/\/maristacostarica.org\/home\/wp-json\/wp\/v2\/comments?post=35"}],"version-history":[{"count":116,"href":"https:\/\/maristacostarica.org\/home\/wp-json\/wp\/v2\/pages\/35\/revisions"}],"predecessor-version":[{"id":4017,"href":"https:\/\/maristacostarica.org\/home\/wp-json\/wp\/v2\/pages\/35\/revisions\/4017"}],"up":[{"embeddable":true,"href":"https:\/\/maristacostarica.org\/home\/wp-json\/wp\/v2\/pages\/1788"}],"wp:attachment":[{"href":"https:\/\/maristacostarica.org\/home\/wp-json\/wp\/v2\/media?parent=35"}],"curies":[{"name":"wp","href":"https:\/\/api.w.org\/{rel}","templated":true}]}}