{"id":2001,"date":"2022-03-21T20:17:08","date_gmt":"2022-03-22T02:17:08","guid":{"rendered":"https:\/\/maristacostarica.org\/home\/?page_id=2001"},"modified":"2022-09-02T12:48:42","modified_gmt":"2022-09-02T18:48:42","slug":"fraternidades-maristas","status":"publish","type":"page","link":"https:\/\/maristacostarica.org\/home\/pastoral\/fraternidades-maristas\/","title":{"rendered":"Fraternidades maristas"},"content":{"rendered":"\t\t<div data-elementor-type=\"wp-page\" data-elementor-id=\"2001\" class=\"elementor elementor-2001\" data-elementor-post-type=\"page\">\n\t\t\t\t\t\t<section class=\"elementor-section elementor-top-section elementor-element elementor-element-de6e01b elementor-section-full_width elementor-section-height-default elementor-section-height-default\" data-id=\"de6e01b\" data-element_type=\"section\" data-e-type=\"section\" data-settings=\"{&quot;background_background&quot;:&quot;classic&quot;}\">\n\t\t\t\t\t\t<div class=\"elementor-container elementor-column-gap-no\">\n\t\t\t\t\t<div class=\"elementor-column elementor-col-100 elementor-top-column elementor-element elementor-element-20aecf7\" data-id=\"20aecf7\" data-element_type=\"column\" data-e-type=\"column\">\n\t\t\t<div class=\"elementor-widget-wrap elementor-element-populated\">\n\t\t\t\t\t\t<section class=\"elementor-section elementor-inner-section elementor-element elementor-element-04b85df elementor-section-boxed elementor-section-height-default elementor-section-height-default elementor-invisible\" data-id=\"04b85df\" data-element_type=\"section\" data-e-type=\"section\" data-settings=\"{&quot;motion_fx_motion_fx_scrolling&quot;:&quot;yes&quot;,&quot;animation&quot;:&quot;slideInRight&quot;,&quot;motion_fx_devices&quot;:[&quot;desktop&quot;,&quot;tablet&quot;,&quot;mobile&quot;]}\">\n\t\t\t\t\t\t<div class=\"elementor-container elementor-column-gap-default\">\n\t\t\t\t\t<div class=\"elementor-column elementor-col-100 elementor-inner-column elementor-element elementor-element-a432ff0\" data-id=\"a432ff0\" data-element_type=\"column\" data-e-type=\"column\">\n\t\t\t<div class=\"elementor-widget-wrap elementor-element-populated\">\n\t\t\t\t\t\t<div class=\"elementor-element elementor-element-e922189 elementor-widget__width-initial elementor-widget-mobile__width-initial elementor-widget elementor-widget-image\" data-id=\"e922189\" data-element_type=\"widget\" data-e-type=\"widget\" data-widget_type=\"image.default\">\n\t\t\t\t<div class=\"elementor-widget-container\">\n\t\t\t\t\t\t\t\t\t\t\t\t\t\t\t<img decoding=\"async\" width=\"13\" height=\"40\" src=\"https:\/\/maristacostarica.org\/home\/wp-content\/uploads\/2021\/08\/section.png\" class=\"attachment-full size-full wp-image-86\" alt=\"\" \/>\t\t\t\t\t\t\t\t\t\t\t\t\t\t\t<\/div>\n\t\t\t\t<\/div>\n\t\t\t\t<div class=\"elementor-element elementor-element-b0ad1ff elementor-widget__width-auto elementor-widget elementor-widget-heading\" data-id=\"b0ad1ff\" data-element_type=\"widget\" data-e-type=\"widget\" data-widget_type=\"heading.default\">\n\t\t\t\t<div class=\"elementor-widget-container\">\n\t\t\t\t\t<h2 class=\"elementor-heading-title elementor-size-default\">FRATERNIDADES MARISTAS<\/h2>\t\t\t\t<\/div>\n\t\t\t\t<\/div>\n\t\t\t\t\t<\/div>\n\t\t<\/div>\n\t\t\t\t\t<\/div>\n\t\t<\/section>\n\t\t\t\t\t<\/div>\n\t\t<\/div>\n\t\t\t\t\t<\/div>\n\t\t<\/section>\n\t\t\t\t<section class=\"elementor-section elementor-top-section elementor-element elementor-element-19c942e elementor-section-full_width elementor-section-height-default elementor-section-height-default\" data-id=\"19c942e\" data-element_type=\"section\" data-e-type=\"section\">\n\t\t\t\t\t\t<div class=\"elementor-container elementor-column-gap-no\">\n\t\t\t\t\t<div class=\"elementor-column elementor-col-100 elementor-top-column elementor-element elementor-element-5158cb7\" data-id=\"5158cb7\" data-element_type=\"column\" data-e-type=\"column\">\n\t\t\t<div class=\"elementor-widget-wrap elementor-element-populated\">\n\t\t\t\t\t\t<div class=\"elementor-element elementor-element-8bc2258 elementor-widget elementor-widget-image\" data-id=\"8bc2258\" data-element_type=\"widget\" data-e-type=\"widget\" data-widget_type=\"image.default\">\n\t\t\t\t<div class=\"elementor-widget-container\">\n\t\t\t\t\t\t\t\t\t\t\t\t\t\t\t<img fetchpriority=\"high\" decoding=\"async\" width=\"1080\" height=\"608\" src=\"https:\/\/maristacostarica.org\/home\/wp-content\/uploads\/2022\/09\/fraternidad.jpeg\" class=\"attachment-full size-full wp-image-4066\" alt=\"\" srcset=\"https:\/\/maristacostarica.org\/home\/wp-content\/uploads\/2022\/09\/fraternidad.jpeg 1080w, https:\/\/maristacostarica.org\/home\/wp-content\/uploads\/2022\/09\/fraternidad-300x169.jpeg 300w, https:\/\/maristacostarica.org\/home\/wp-content\/uploads\/2022\/09\/fraternidad-1024x576.jpeg 1024w, https:\/\/maristacostarica.org\/home\/wp-content\/uploads\/2022\/09\/fraternidad-768x432.jpeg 768w\" sizes=\"(max-width: 1080px) 100vw, 1080px\" \/>\t\t\t\t\t\t\t\t\t\t\t\t\t\t\t<\/div>\n\t\t\t\t<\/div>\n\t\t\t\t\t<\/div>\n\t\t<\/div>\n\t\t\t\t\t<\/div>\n\t\t<\/section>\n\t\t\t\t<section class=\"elementor-section elementor-top-section elementor-element elementor-element-2c0141d elementor-section-boxed elementor-section-height-default elementor-section-height-default\" data-id=\"2c0141d\" data-element_type=\"section\" data-e-type=\"section\">\n\t\t\t\t\t\t<div class=\"elementor-container elementor-column-gap-default\">\n\t\t\t\t\t<div class=\"elementor-column elementor-col-100 elementor-top-column elementor-element elementor-element-d6b50f8\" data-id=\"d6b50f8\" data-element_type=\"column\" data-e-type=\"column\">\n\t\t\t<div class=\"elementor-widget-wrap elementor-element-populated\">\n\t\t\t\t\t\t<div class=\"elementor-element elementor-element-848084f elementor-widget elementor-widget-text-editor\" data-id=\"848084f\" data-element_type=\"widget\" data-e-type=\"widget\" data-widget_type=\"text-editor.default\">\n\t\t\t\t<div class=\"elementor-widget-container\">\n\t\t\t\t\t\t\t\t\t<p class=\"MsoNormal\" style=\"margin: 0cm 0cm 10pt; font-size: medium; font-family: Calibri, sans-serif; caret-color: #000000; color: #000000;\"><span style=\"font-size: 13.5pt; font-family: 'Open Sans', sans-serif;\">La fraternidad, formada por laicos que han hecho la opci\u00f3n de vivir su vocaci\u00f3n seg\u00fan la espiritualidad de Marcelino Champagnat, es la unidad b\u00e1sica del Movimiento. Al recoger la historia de las Fraternidades del Movimiento Champagnat, repartidas por toda la geograf\u00eda marista, observamos la variedad de estilos y de acentos, de participantes y de contextos, de procesos y de misiones. Son los diversos perfiles del carisma marista con tono laical, con expresi\u00f3n femenina, con el color de las culturas, en la diversidad de vocaciones.<\/span><\/p><p class=\"MsoNormal\" style=\"margin: 0cm 0cm 10pt; font-size: medium; font-family: Calibri, sans-serif; caret-color: #000000; color: #000000;\"><span style=\"font-size: 13.5pt; font-family: 'Open Sans', sans-serif;\">Las fraternidades en Costa Rica tienen una larga trayectoria, en la actualidad hay 3 fraternidades, Virgen del Pilar, Buena Madre y Magn\u00edficat. Est\u00e1n compuesta por maestros, padres de familia y exalumnos. Es una experiencia de vida. Nos ayuda a caminar juntos en el seguimiento de Jes\u00fas al Estilo de Mar\u00eda siguiendo las pasos de Marcelino Champagnat.<\/span><\/p>\t\t\t\t\t\t\t\t<\/div>\n\t\t\t\t<\/div>\n\t\t\t\t\t<\/div>\n\t\t<\/div>\n\t\t\t\t\t<\/div>\n\t\t<\/section>\n\t\t\t\t<\/div>\n\t\t","protected":false},"excerpt":{"rendered":"<p>FRATERNIDADES MARISTAS La fraternidad, formada por laicos que han hecho la opci\u00f3n de vivir su vocaci\u00f3n seg\u00fan la espiritualidad de Marcelino Champagnat, es la unidad b\u00e1sica del Movimiento. Al recoger la historia de las Fraternidades del Movimiento Champagnat, repartidas por toda la geograf\u00eda marista, observamos la variedad de estilos y de acentos, de participantes y [&hellip;]<\/p>\n","protected":false},"author":4,"featured_media":0,"parent":1984,"menu_order":4,"comment_status":"closed","ping_status":"closed","template":"","meta":{"_monsterinsights_skip_tracking":false,"_monsterinsights_sitenote_active":false,"_monsterinsights_sitenote_note":"","_monsterinsights_sitenote_category":0,"footnotes":""},"class_list":["post-2001","page","type-page","status-publish","hentry"],"_links":{"self":[{"href":"https:\/\/maristacostarica.org\/home\/wp-json\/wp\/v2\/pages\/2001","targetHints":{"allow":["GET"]}}],"collection":[{"href":"https:\/\/maristacostarica.org\/home\/wp-json\/wp\/v2\/pages"}],"about":[{"href":"https:\/\/maristacostarica.org\/home\/wp-json\/wp\/v2\/types\/page"}],"author":[{"embeddable":true,"href":"https:\/\/maristacostarica.org\/home\/wp-json\/wp\/v2\/users\/4"}],"replies":[{"embeddable":true,"href":"https:\/\/maristacostarica.org\/home\/wp-json\/wp\/v2\/comments?post=2001"}],"version-history":[{"count":19,"href":"https:\/\/maristacostarica.org\/home\/wp-json\/wp\/v2\/pages\/2001\/revisions"}],"predecessor-version":[{"id":4069,"href":"https:\/\/maristacostarica.org\/home\/wp-json\/wp\/v2\/pages\/2001\/revisions\/4069"}],"up":[{"embeddable":true,"href":"https:\/\/maristacostarica.org\/home\/wp-json\/wp\/v2\/pages\/1984"}],"wp:attachment":[{"href":"https:\/\/maristacostarica.org\/home\/wp-json\/wp\/v2\/media?parent=2001"}],"curies":[{"name":"wp","href":"https:\/\/api.w.org\/{rel}","templated":true}]}}