{"id":1996,"date":"2022-03-21T20:15:44","date_gmt":"2022-03-22T02:15:44","guid":{"rendered":"https:\/\/maristacostarica.org\/home\/?page_id=1996"},"modified":"2022-09-07T10:53:10","modified_gmt":"2022-09-07T16:53:10","slug":"remar","status":"publish","type":"page","link":"https:\/\/maristacostarica.org\/home\/pastoral\/remar\/","title":{"rendered":"Remar"},"content":{"rendered":"\t\t<div data-elementor-type=\"wp-page\" data-elementor-id=\"1996\" class=\"elementor elementor-1996\" data-elementor-post-type=\"page\">\n\t\t\t\t\t\t<section class=\"elementor-section elementor-top-section elementor-element elementor-element-de6e01b elementor-section-full_width elementor-section-height-default elementor-section-height-default\" data-id=\"de6e01b\" data-element_type=\"section\" data-e-type=\"section\" data-settings=\"{&quot;background_background&quot;:&quot;classic&quot;}\">\n\t\t\t\t\t\t<div class=\"elementor-container elementor-column-gap-no\">\n\t\t\t\t\t<div class=\"elementor-column elementor-col-100 elementor-top-column elementor-element elementor-element-20aecf7\" data-id=\"20aecf7\" data-element_type=\"column\" data-e-type=\"column\">\n\t\t\t<div class=\"elementor-widget-wrap elementor-element-populated\">\n\t\t\t\t\t\t<section class=\"elementor-section elementor-inner-section elementor-element elementor-element-04b85df elementor-section-boxed elementor-section-height-default elementor-section-height-default elementor-invisible\" data-id=\"04b85df\" data-element_type=\"section\" data-e-type=\"section\" data-settings=\"{&quot;motion_fx_motion_fx_scrolling&quot;:&quot;yes&quot;,&quot;animation&quot;:&quot;slideInRight&quot;,&quot;motion_fx_devices&quot;:[&quot;desktop&quot;,&quot;tablet&quot;,&quot;mobile&quot;]}\">\n\t\t\t\t\t\t<div class=\"elementor-container elementor-column-gap-default\">\n\t\t\t\t\t<div class=\"elementor-column elementor-col-100 elementor-inner-column elementor-element elementor-element-a432ff0\" data-id=\"a432ff0\" data-element_type=\"column\" data-e-type=\"column\">\n\t\t\t<div class=\"elementor-widget-wrap elementor-element-populated\">\n\t\t\t\t\t\t<div class=\"elementor-element elementor-element-e922189 elementor-widget__width-initial elementor-widget-mobile__width-initial elementor-widget elementor-widget-image\" data-id=\"e922189\" data-element_type=\"widget\" data-e-type=\"widget\" data-widget_type=\"image.default\">\n\t\t\t\t<div class=\"elementor-widget-container\">\n\t\t\t\t\t\t\t\t\t\t\t\t\t\t\t<img decoding=\"async\" width=\"13\" height=\"40\" src=\"https:\/\/maristacostarica.org\/home\/wp-content\/uploads\/2021\/08\/section.png\" class=\"attachment-full size-full wp-image-86\" alt=\"\" \/>\t\t\t\t\t\t\t\t\t\t\t\t\t\t\t<\/div>\n\t\t\t\t<\/div>\n\t\t\t\t<div class=\"elementor-element elementor-element-b0ad1ff elementor-widget__width-auto elementor-widget elementor-widget-heading\" data-id=\"b0ad1ff\" data-element_type=\"widget\" data-e-type=\"widget\" data-widget_type=\"heading.default\">\n\t\t\t\t<div class=\"elementor-widget-container\">\n\t\t\t\t\t<h2 class=\"elementor-heading-title elementor-size-default\">REMAR<\/h2>\t\t\t\t<\/div>\n\t\t\t\t<\/div>\n\t\t\t\t\t<\/div>\n\t\t<\/div>\n\t\t\t\t\t<\/div>\n\t\t<\/section>\n\t\t\t\t\t<\/div>\n\t\t<\/div>\n\t\t\t\t\t<\/div>\n\t\t<\/section>\n\t\t\t\t<section class=\"elementor-section elementor-top-section elementor-element elementor-element-19c942e elementor-section-full_width elementor-section-height-default elementor-section-height-default\" data-id=\"19c942e\" data-element_type=\"section\" data-e-type=\"section\">\n\t\t\t\t\t\t<div class=\"elementor-container elementor-column-gap-no\">\n\t\t\t\t\t<div class=\"elementor-column elementor-col-100 elementor-top-column elementor-element elementor-element-5158cb7\" data-id=\"5158cb7\" data-element_type=\"column\" data-e-type=\"column\">\n\t\t\t<div class=\"elementor-widget-wrap elementor-element-populated\">\n\t\t\t\t\t\t<div class=\"elementor-element elementor-element-8bc2258 elementor-widget elementor-widget-image\" data-id=\"8bc2258\" data-element_type=\"widget\" data-e-type=\"widget\" data-widget_type=\"image.default\">\n\t\t\t\t<div class=\"elementor-widget-container\">\n\t\t\t\t\t\t\t\t\t\t\t\t\t\t\t<img fetchpriority=\"high\" decoding=\"async\" width=\"1000\" height=\"742\" src=\"https:\/\/maristacostarica.org\/home\/wp-content\/uploads\/2022\/08\/Remar-.png\" class=\"attachment-full size-full wp-image-3347\" alt=\"\" srcset=\"https:\/\/maristacostarica.org\/home\/wp-content\/uploads\/2022\/08\/Remar-.png 1000w, https:\/\/maristacostarica.org\/home\/wp-content\/uploads\/2022\/08\/Remar--300x223.png 300w, https:\/\/maristacostarica.org\/home\/wp-content\/uploads\/2022\/08\/Remar--768x570.png 768w\" sizes=\"(max-width: 1000px) 100vw, 1000px\" \/>\t\t\t\t\t\t\t\t\t\t\t\t\t\t\t<\/div>\n\t\t\t\t<\/div>\n\t\t\t\t\t<\/div>\n\t\t<\/div>\n\t\t\t\t\t<\/div>\n\t\t<\/section>\n\t\t\t\t<section class=\"elementor-section elementor-top-section elementor-element elementor-element-f491347 elementor-section-boxed elementor-section-height-default elementor-section-height-default\" data-id=\"f491347\" data-element_type=\"section\" data-e-type=\"section\">\n\t\t\t\t\t\t<div class=\"elementor-container elementor-column-gap-default\">\n\t\t\t\t\t<div class=\"elementor-column elementor-col-100 elementor-top-column elementor-element elementor-element-5b6af2a\" data-id=\"5b6af2a\" data-element_type=\"column\" data-e-type=\"column\">\n\t\t\t<div class=\"elementor-widget-wrap elementor-element-populated\">\n\t\t\t\t\t\t<div class=\"elementor-element elementor-element-04d78f7 elementor-widget elementor-widget-spacer\" data-id=\"04d78f7\" data-element_type=\"widget\" data-e-type=\"widget\" data-widget_type=\"spacer.default\">\n\t\t\t\t<div class=\"elementor-widget-container\">\n\t\t\t\t\t\t\t<div class=\"elementor-spacer\">\n\t\t\t<div class=\"elementor-spacer-inner\"><\/div>\n\t\t<\/div>\n\t\t\t\t\t\t<\/div>\n\t\t\t\t<\/div>\n\t\t\t\t\t<\/div>\n\t\t<\/div>\n\t\t\t\t\t<\/div>\n\t\t<\/section>\n\t\t\t\t<section class=\"elementor-section elementor-top-section elementor-element elementor-element-d1ce684 elementor-section-boxed elementor-section-height-default elementor-section-height-default\" data-id=\"d1ce684\" data-element_type=\"section\" data-e-type=\"section\">\n\t\t\t\t\t\t<div class=\"elementor-container elementor-column-gap-default\">\n\t\t\t\t\t<div class=\"elementor-column elementor-col-100 elementor-top-column elementor-element elementor-element-d3489f9\" data-id=\"d3489f9\" data-element_type=\"column\" data-e-type=\"column\">\n\t\t\t<div class=\"elementor-widget-wrap elementor-element-populated\">\n\t\t\t\t\t\t<div class=\"elementor-element elementor-element-6c7b285 elementor-widget elementor-widget-text-editor\" data-id=\"6c7b285\" data-element_type=\"widget\" data-e-type=\"widget\" data-widget_type=\"text-editor.default\">\n\t\t\t\t<div class=\"elementor-widget-container\">\n\t\t\t\t\t\t\t\t\t<p class=\"MsoNormal\" style=\"margin: 0cm; font-size: 11pt; font-family: 'Calibri Light', sans-serif; caret-color: #000000; color: #000000;\"><span style=\"font-size: 13.5pt; font-family: 'Open Sans', sans-serif; color: #333333;\">Remar es un Movimiento de Pastoral Juvenil Vocacional Marista que acompa\u00f1a la vida de los j\u00f3venes en los niveles de 9\u00b0, 10\u00b0 y 11\u00b0 a\u00f1o; as\u00ed como a las comunidades de exalumnos, con el fin de prestar atenci\u00f3n a su realidad y acompa\u00f1arles en sus inquietudes, intereses y expectativas, con el fin de\u00a0\u00a0\u00abanunciar a Jesucristo y hacerlo amar, asumiendo una espiritualidad mariana, encarnada, comunitaria y evangelizadora que se concretiza en la inserci\u00f3n efectiva y comprometida de sus integrantes en la Iglesia y en la sociedad.<\/span><\/p>\t\t\t\t\t\t\t\t<\/div>\n\t\t\t\t<\/div>\n\t\t\t\t\t<\/div>\n\t\t<\/div>\n\t\t\t\t\t<\/div>\n\t\t<\/section>\n\t\t\t\t<section class=\"elementor-section elementor-top-section elementor-element elementor-element-22cab06 elementor-section-boxed elementor-section-height-default elementor-section-height-default\" data-id=\"22cab06\" data-element_type=\"section\" data-e-type=\"section\">\n\t\t\t\t\t\t<div class=\"elementor-container elementor-column-gap-default\">\n\t\t\t\t\t<div class=\"elementor-column elementor-col-100 elementor-top-column elementor-element elementor-element-98d7ec4\" data-id=\"98d7ec4\" data-element_type=\"column\" data-e-type=\"column\">\n\t\t\t<div class=\"elementor-widget-wrap elementor-element-populated\">\n\t\t\t\t\t\t<div class=\"elementor-element elementor-element-18d3e01 elementor-widget elementor-widget-spacer\" data-id=\"18d3e01\" data-element_type=\"widget\" data-e-type=\"widget\" data-widget_type=\"spacer.default\">\n\t\t\t\t<div class=\"elementor-widget-container\">\n\t\t\t\t\t\t\t<div class=\"elementor-spacer\">\n\t\t\t<div class=\"elementor-spacer-inner\"><\/div>\n\t\t<\/div>\n\t\t\t\t\t\t<\/div>\n\t\t\t\t<\/div>\n\t\t\t\t\t<\/div>\n\t\t<\/div>\n\t\t\t\t\t<\/div>\n\t\t<\/section>\n\t\t\t\t<\/div>\n\t\t","protected":false},"excerpt":{"rendered":"<p>REMAR Remar es un Movimiento de Pastoral Juvenil Vocacional Marista que acompa\u00f1a la vida de los j\u00f3venes en los niveles de 9\u00b0, 10\u00b0 y 11\u00b0 a\u00f1o; as\u00ed como a las comunidades de exalumnos, con el fin de prestar atenci\u00f3n a su realidad y acompa\u00f1arles en sus inquietudes, intereses y expectativas, con el fin de\u00a0\u00a0\u00abanunciar a [&hellip;]<\/p>\n","protected":false},"author":4,"featured_media":0,"parent":1984,"menu_order":4,"comment_status":"closed","ping_status":"closed","template":"","meta":{"_monsterinsights_skip_tracking":false,"_monsterinsights_sitenote_active":false,"_monsterinsights_sitenote_note":"","_monsterinsights_sitenote_category":0,"footnotes":""},"class_list":["post-1996","page","type-page","status-publish","hentry"],"_links":{"self":[{"href":"https:\/\/maristacostarica.org\/home\/wp-json\/wp\/v2\/pages\/1996","targetHints":{"allow":["GET"]}}],"collection":[{"href":"https:\/\/maristacostarica.org\/home\/wp-json\/wp\/v2\/pages"}],"about":[{"href":"https:\/\/maristacostarica.org\/home\/wp-json\/wp\/v2\/types\/page"}],"author":[{"embeddable":true,"href":"https:\/\/maristacostarica.org\/home\/wp-json\/wp\/v2\/users\/4"}],"replies":[{"embeddable":true,"href":"https:\/\/maristacostarica.org\/home\/wp-json\/wp\/v2\/comments?post=1996"}],"version-history":[{"count":19,"href":"https:\/\/maristacostarica.org\/home\/wp-json\/wp\/v2\/pages\/1996\/revisions"}],"predecessor-version":[{"id":4257,"href":"https:\/\/maristacostarica.org\/home\/wp-json\/wp\/v2\/pages\/1996\/revisions\/4257"}],"up":[{"embeddable":true,"href":"https:\/\/maristacostarica.org\/home\/wp-json\/wp\/v2\/pages\/1984"}],"wp:attachment":[{"href":"https:\/\/maristacostarica.org\/home\/wp-json\/wp\/v2\/media?parent=1996"}],"curies":[{"name":"wp","href":"https:\/\/api.w.org\/{rel}","templated":true}]}}