{"id":1990,"date":"2022-03-21T20:14:20","date_gmt":"2022-03-22T02:14:20","guid":{"rendered":"https:\/\/maristacostarica.org\/home\/?page_id=1990"},"modified":"2022-08-26T09:01:56","modified_gmt":"2022-08-26T15:01:56","slug":"confirmas","status":"publish","type":"page","link":"https:\/\/maristacostarica.org\/home\/pastoral\/confirmas\/","title":{"rendered":"Confirmas"},"content":{"rendered":"\t\t<div data-elementor-type=\"wp-page\" data-elementor-id=\"1990\" class=\"elementor elementor-1990\" data-elementor-post-type=\"page\">\n\t\t\t\t\t\t<section class=\"elementor-section elementor-top-section elementor-element elementor-element-de6e01b elementor-section-full_width elementor-section-height-default elementor-section-height-default\" data-id=\"de6e01b\" data-element_type=\"section\" data-e-type=\"section\" data-settings=\"{&quot;background_background&quot;:&quot;classic&quot;}\">\n\t\t\t\t\t\t<div class=\"elementor-container elementor-column-gap-no\">\n\t\t\t\t\t<div class=\"elementor-column elementor-col-100 elementor-top-column elementor-element elementor-element-20aecf7\" data-id=\"20aecf7\" data-element_type=\"column\" data-e-type=\"column\">\n\t\t\t<div class=\"elementor-widget-wrap elementor-element-populated\">\n\t\t\t\t\t\t<section class=\"elementor-section elementor-inner-section elementor-element elementor-element-04b85df elementor-section-boxed elementor-section-height-default elementor-section-height-default elementor-invisible\" data-id=\"04b85df\" data-element_type=\"section\" data-e-type=\"section\" data-settings=\"{&quot;motion_fx_motion_fx_scrolling&quot;:&quot;yes&quot;,&quot;animation&quot;:&quot;slideInRight&quot;,&quot;motion_fx_devices&quot;:[&quot;desktop&quot;,&quot;tablet&quot;,&quot;mobile&quot;]}\">\n\t\t\t\t\t\t<div class=\"elementor-container elementor-column-gap-default\">\n\t\t\t\t\t<div class=\"elementor-column elementor-col-100 elementor-inner-column elementor-element elementor-element-a432ff0\" data-id=\"a432ff0\" data-element_type=\"column\" data-e-type=\"column\">\n\t\t\t<div class=\"elementor-widget-wrap elementor-element-populated\">\n\t\t\t\t\t\t<div class=\"elementor-element elementor-element-e922189 elementor-widget__width-initial elementor-widget-mobile__width-initial elementor-widget elementor-widget-image\" data-id=\"e922189\" data-element_type=\"widget\" data-e-type=\"widget\" data-widget_type=\"image.default\">\n\t\t\t\t<div class=\"elementor-widget-container\">\n\t\t\t\t\t\t\t\t\t\t\t\t\t\t\t<img decoding=\"async\" width=\"13\" height=\"40\" src=\"https:\/\/maristacostarica.org\/home\/wp-content\/uploads\/2021\/08\/section.png\" class=\"attachment-full size-full wp-image-86\" alt=\"\" \/>\t\t\t\t\t\t\t\t\t\t\t\t\t\t\t<\/div>\n\t\t\t\t<\/div>\n\t\t\t\t<div class=\"elementor-element elementor-element-b0ad1ff elementor-widget__width-auto elementor-widget elementor-widget-heading\" data-id=\"b0ad1ff\" data-element_type=\"widget\" data-e-type=\"widget\" data-widget_type=\"heading.default\">\n\t\t\t\t<div class=\"elementor-widget-container\">\n\t\t\t\t\t<h2 class=\"elementor-heading-title elementor-size-default\">CONFIRMAS<\/h2>\t\t\t\t<\/div>\n\t\t\t\t<\/div>\n\t\t\t\t\t<\/div>\n\t\t<\/div>\n\t\t\t\t\t<\/div>\n\t\t<\/section>\n\t\t\t\t\t<\/div>\n\t\t<\/div>\n\t\t\t\t\t<\/div>\n\t\t<\/section>\n\t\t\t\t<section class=\"elementor-section elementor-top-section elementor-element elementor-element-19c942e elementor-section-full_width elementor-section-height-default elementor-section-height-default\" data-id=\"19c942e\" data-element_type=\"section\" data-e-type=\"section\">\n\t\t\t\t\t\t<div class=\"elementor-container elementor-column-gap-no\">\n\t\t\t\t\t<div class=\"elementor-column elementor-col-100 elementor-top-column elementor-element elementor-element-5158cb7\" data-id=\"5158cb7\" data-element_type=\"column\" data-e-type=\"column\">\n\t\t\t<div class=\"elementor-widget-wrap elementor-element-populated\">\n\t\t\t\t\t\t<div class=\"elementor-element elementor-element-8bc2258 elementor-widget elementor-widget-image\" data-id=\"8bc2258\" data-element_type=\"widget\" data-e-type=\"widget\" data-widget_type=\"image.default\">\n\t\t\t\t<div class=\"elementor-widget-container\">\n\t\t\t\t\t\t\t\t\t\t\t\t\t\t\t<img fetchpriority=\"high\" decoding=\"async\" width=\"740\" height=\"972\" src=\"https:\/\/maristacostarica.org\/home\/wp-content\/uploads\/2022\/08\/confirma-.png\" class=\"attachment-medium_large size-medium_large wp-image-3331\" alt=\"\" srcset=\"https:\/\/maristacostarica.org\/home\/wp-content\/uploads\/2022\/08\/confirma-.png 740w, https:\/\/maristacostarica.org\/home\/wp-content\/uploads\/2022\/08\/confirma--228x300.png 228w\" sizes=\"(max-width: 740px) 100vw, 740px\" \/>\t\t\t\t\t\t\t\t\t\t\t\t\t\t\t<\/div>\n\t\t\t\t<\/div>\n\t\t\t\t\t<\/div>\n\t\t<\/div>\n\t\t\t\t\t<\/div>\n\t\t<\/section>\n\t\t\t\t<section class=\"elementor-section elementor-top-section elementor-element elementor-element-2c0141d elementor-section-boxed elementor-section-height-default elementor-section-height-default\" data-id=\"2c0141d\" data-element_type=\"section\" data-e-type=\"section\">\n\t\t\t\t\t\t<div class=\"elementor-container elementor-column-gap-default\">\n\t\t\t\t\t<div class=\"elementor-column elementor-col-100 elementor-top-column elementor-element elementor-element-d6b50f8\" data-id=\"d6b50f8\" data-element_type=\"column\" data-e-type=\"column\">\n\t\t\t<div class=\"elementor-widget-wrap elementor-element-populated\">\n\t\t\t\t\t\t<div class=\"elementor-element elementor-element-848084f elementor-widget elementor-widget-text-editor\" data-id=\"848084f\" data-element_type=\"widget\" data-e-type=\"widget\" data-widget_type=\"text-editor.default\">\n\t\t\t\t<div class=\"elementor-widget-container\">\n\t\t\t\t\t\t\t\t\t<p class=\"MsoNormal\" style=\"margin: 0cm; font-size: 11pt; font-family: 'Calibri Light', sans-serif; caret-color: #000000; color: #000000;\"><span style=\"font-size: 13.5pt; font-family: 'Open Sans', sans-serif; color: #333333;\">A trav\u00e9s de catequesis realizadas los d\u00edas s\u00e1bados, los j\u00f3venes de 9\u00b0 grado se preparan, por su propia voluntad, a Confirmar su fe a trav\u00e9s de la recepci\u00f3n de este sacramento.<\/span><\/p><p class=\"MsoNormal\" style=\"margin: 0cm; font-size: 11pt; font-family: 'Calibri Light', sans-serif; caret-color: #000000; color: #000000;\"><span style=\"font-size: 13.5pt; font-family: 'Open Sans', sans-serif; color: #333333;\">Catequistas y hermanos acompa\u00f1an a los j\u00f3venes en este proceso que les permitir\u00e1 un encuentro significativo con Dios y la fe.<\/span><\/p>\t\t\t\t\t\t\t\t<\/div>\n\t\t\t\t<\/div>\n\t\t\t\t\t<\/div>\n\t\t<\/div>\n\t\t\t\t\t<\/div>\n\t\t<\/section>\n\t\t\t\t<\/div>\n\t\t","protected":false},"excerpt":{"rendered":"<p>CONFIRMAS A trav\u00e9s de catequesis realizadas los d\u00edas s\u00e1bados, los j\u00f3venes de 9\u00b0 grado se preparan, por su propia voluntad, a Confirmar su fe a trav\u00e9s de la recepci\u00f3n de este sacramento. Catequistas y hermanos acompa\u00f1an a los j\u00f3venes en este proceso que les permitir\u00e1 un encuentro significativo con Dios y la fe.<\/p>\n","protected":false},"author":4,"featured_media":0,"parent":1984,"menu_order":4,"comment_status":"closed","ping_status":"closed","template":"","meta":{"_monsterinsights_skip_tracking":false,"_monsterinsights_sitenote_active":false,"_monsterinsights_sitenote_note":"","_monsterinsights_sitenote_category":0,"footnotes":""},"class_list":["post-1990","page","type-page","status-publish","hentry"],"_links":{"self":[{"href":"https:\/\/maristacostarica.org\/home\/wp-json\/wp\/v2\/pages\/1990","targetHints":{"allow":["GET"]}}],"collection":[{"href":"https:\/\/maristacostarica.org\/home\/wp-json\/wp\/v2\/pages"}],"about":[{"href":"https:\/\/maristacostarica.org\/home\/wp-json\/wp\/v2\/types\/page"}],"author":[{"embeddable":true,"href":"https:\/\/maristacostarica.org\/home\/wp-json\/wp\/v2\/users\/4"}],"replies":[{"embeddable":true,"href":"https:\/\/maristacostarica.org\/home\/wp-json\/wp\/v2\/comments?post=1990"}],"version-history":[{"count":13,"href":"https:\/\/maristacostarica.org\/home\/wp-json\/wp\/v2\/pages\/1990\/revisions"}],"predecessor-version":[{"id":3334,"href":"https:\/\/maristacostarica.org\/home\/wp-json\/wp\/v2\/pages\/1990\/revisions\/3334"}],"up":[{"embeddable":true,"href":"https:\/\/maristacostarica.org\/home\/wp-json\/wp\/v2\/pages\/1984"}],"wp:attachment":[{"href":"https:\/\/maristacostarica.org\/home\/wp-json\/wp\/v2\/media?parent=1990"}],"curies":[{"name":"wp","href":"https:\/\/api.w.org\/{rel}","templated":true}]}}