{"id":1829,"date":"2022-03-07T07:42:10","date_gmt":"2022-03-07T13:42:10","guid":{"rendered":"https:\/\/maristacostarica.org\/home\/?page_id=1829"},"modified":"2022-09-02T12:36:27","modified_gmt":"2022-09-02T18:36:27","slug":"adminsiones","status":"publish","type":"page","link":"https:\/\/maristacostarica.org\/home\/academica\/adminsiones\/","title":{"rendered":"Admisiones"},"content":{"rendered":"\t\t<div data-elementor-type=\"wp-page\" data-elementor-id=\"1829\" class=\"elementor elementor-1829\" data-elementor-post-type=\"page\">\n\t\t\t\t\t\t<section class=\"elementor-section elementor-top-section elementor-element elementor-element-de6e01b elementor-section-full_width elementor-section-height-default elementor-section-height-default\" data-id=\"de6e01b\" data-element_type=\"section\" data-e-type=\"section\" data-settings=\"{&quot;background_background&quot;:&quot;classic&quot;}\">\n\t\t\t\t\t\t<div class=\"elementor-container elementor-column-gap-no\">\n\t\t\t\t\t<div class=\"elementor-column elementor-col-100 elementor-top-column elementor-element elementor-element-20aecf7\" data-id=\"20aecf7\" data-element_type=\"column\" data-e-type=\"column\">\n\t\t\t<div class=\"elementor-widget-wrap elementor-element-populated\">\n\t\t\t\t\t\t<section class=\"elementor-section elementor-inner-section elementor-element elementor-element-04b85df elementor-section-boxed elementor-section-height-default elementor-section-height-default elementor-invisible\" data-id=\"04b85df\" data-element_type=\"section\" data-e-type=\"section\" data-settings=\"{&quot;motion_fx_motion_fx_scrolling&quot;:&quot;yes&quot;,&quot;animation&quot;:&quot;slideInRight&quot;,&quot;motion_fx_devices&quot;:[&quot;desktop&quot;,&quot;tablet&quot;,&quot;mobile&quot;]}\">\n\t\t\t\t\t\t<div class=\"elementor-container elementor-column-gap-default\">\n\t\t\t\t\t<div class=\"elementor-column elementor-col-100 elementor-inner-column elementor-element elementor-element-a432ff0\" data-id=\"a432ff0\" data-element_type=\"column\" data-e-type=\"column\">\n\t\t\t<div class=\"elementor-widget-wrap elementor-element-populated\">\n\t\t\t\t\t\t<div class=\"elementor-element elementor-element-e922189 elementor-widget__width-initial elementor-widget-mobile__width-initial elementor-widget elementor-widget-image\" data-id=\"e922189\" data-element_type=\"widget\" data-e-type=\"widget\" data-widget_type=\"image.default\">\n\t\t\t\t<div class=\"elementor-widget-container\">\n\t\t\t\t\t\t\t\t\t\t\t\t\t\t\t<img decoding=\"async\" width=\"13\" height=\"40\" src=\"https:\/\/maristacostarica.org\/home\/wp-content\/uploads\/2021\/08\/section.png\" class=\"attachment-full size-full wp-image-86\" alt=\"\" \/>\t\t\t\t\t\t\t\t\t\t\t\t\t\t\t<\/div>\n\t\t\t\t<\/div>\n\t\t\t\t<div class=\"elementor-element elementor-element-b0ad1ff elementor-widget__width-auto elementor-widget elementor-widget-heading\" data-id=\"b0ad1ff\" data-element_type=\"widget\" data-e-type=\"widget\" data-widget_type=\"heading.default\">\n\t\t\t\t<div class=\"elementor-widget-container\">\n\t\t\t\t\t<h2 class=\"elementor-heading-title elementor-size-default\">ADMISIONES<\/h2>\t\t\t\t<\/div>\n\t\t\t\t<\/div>\n\t\t\t\t\t<\/div>\n\t\t<\/div>\n\t\t\t\t\t<\/div>\n\t\t<\/section>\n\t\t\t\t\t<\/div>\n\t\t<\/div>\n\t\t\t\t\t<\/div>\n\t\t<\/section>\n\t\t\t\t<section class=\"elementor-section elementor-top-section elementor-element elementor-element-19c942e elementor-section-full_width elementor-section-height-default elementor-section-height-default\" data-id=\"19c942e\" data-element_type=\"section\" data-e-type=\"section\">\n\t\t\t\t\t\t<div class=\"elementor-container elementor-column-gap-no\">\n\t\t\t\t\t<div class=\"elementor-column elementor-col-100 elementor-top-column elementor-element elementor-element-5158cb7\" data-id=\"5158cb7\" data-element_type=\"column\" data-e-type=\"column\">\n\t\t\t<div class=\"elementor-widget-wrap elementor-element-populated\">\n\t\t\t\t\t\t<div class=\"elementor-element elementor-element-8bc2258 elementor-widget elementor-widget-image\" data-id=\"8bc2258\" data-element_type=\"widget\" data-e-type=\"widget\" data-widget_type=\"image.default\">\n\t\t\t\t<div class=\"elementor-widget-container\">\n\t\t\t\t\t\t\t\t\t\t\t\t\t\t\t<img fetchpriority=\"high\" decoding=\"async\" width=\"768\" height=\"432\" src=\"https:\/\/maristacostarica.org\/home\/wp-content\/uploads\/2022\/09\/entrada-1-768x432.jpeg\" class=\"attachment-medium_large size-medium_large wp-image-4054\" alt=\"\" srcset=\"https:\/\/maristacostarica.org\/home\/wp-content\/uploads\/2022\/09\/entrada-1-768x432.jpeg 768w, https:\/\/maristacostarica.org\/home\/wp-content\/uploads\/2022\/09\/entrada-1-300x169.jpeg 300w, https:\/\/maristacostarica.org\/home\/wp-content\/uploads\/2022\/09\/entrada-1-1024x576.jpeg 1024w, https:\/\/maristacostarica.org\/home\/wp-content\/uploads\/2022\/09\/entrada-1-1536x864.jpeg 1536w, https:\/\/maristacostarica.org\/home\/wp-content\/uploads\/2022\/09\/entrada-1-2048x1152.jpeg 2048w\" sizes=\"(max-width: 768px) 100vw, 768px\" \/>\t\t\t\t\t\t\t\t\t\t\t\t\t\t\t<\/div>\n\t\t\t\t<\/div>\n\t\t\t\t\t<\/div>\n\t\t<\/div>\n\t\t\t\t\t<\/div>\n\t\t<\/section>\n\t\t\t\t<section class=\"elementor-section elementor-top-section elementor-element elementor-element-2c0141d elementor-section-boxed elementor-section-height-default elementor-section-height-default\" data-id=\"2c0141d\" data-element_type=\"section\" data-e-type=\"section\">\n\t\t\t\t\t\t<div class=\"elementor-container elementor-column-gap-default\">\n\t\t\t\t\t<div class=\"elementor-column elementor-col-100 elementor-top-column elementor-element elementor-element-d6b50f8\" data-id=\"d6b50f8\" data-element_type=\"column\" data-e-type=\"column\">\n\t\t\t<div class=\"elementor-widget-wrap elementor-element-populated\">\n\t\t\t\t\t\t<div class=\"elementor-element elementor-element-848084f elementor-widget elementor-widget-text-editor\" data-id=\"848084f\" data-element_type=\"widget\" data-e-type=\"widget\" data-widget_type=\"text-editor.default\">\n\t\t\t\t<div class=\"elementor-widget-container\">\n\t\t\t\t\t\t\t\t\t<p style=\"margin: 0cm 0cm 10pt; font-size: medium; font-family: Calibri, sans-serif; caret-color: #000000; color: #000000; line-height: 18.399999618530273px;\"><span style=\"font-size: 13.5pt; line-height: 20.700000762939453px; font-family: 'Open Sans', sans-serif; color: #333333;\">\u00a1Descubr\u00ed la experiencia Marista!\u00a0<\/span><\/p><p style=\"margin: 0cm 0cm 10pt; font-size: medium; font-family: Calibri, sans-serif; caret-color: #000000; color: #000000; line-height: 18.399999618530273px;\"><span style=\"font-size: 13.5pt; line-height: 20.700000762939453px; font-family: 'Open Sans', sans-serif; color: #333333;\">Matr\u00edcula abierta para preescolar. Todos los niveles desde prematernal (1 a\u00f1o y medio) hasta kinder (4 a\u00f1os) prematricula preparatoria (5 a\u00f1os).<\/span><\/p><p style=\"margin: 0cm 0cm 10pt; font-size: medium; font-family: Calibri, sans-serif; caret-color: #000000; color: #000000; line-height: 18.399999618530273px;\"><span style=\"font-size: 13.5pt; line-height: 20.700000762939453px; font-family: 'Open Sans', sans-serif; color: #333333;\">Ademas de descubrir la experiencia Marista en primaria y secundaria. Tenemos inscripciones abiertas para realizar las pruebas de admisi\u00f3n para el curso lectivo 2023.<\/span><\/p>\t\t\t\t\t\t\t\t<\/div>\n\t\t\t\t<\/div>\n\t\t\t\t\t<\/div>\n\t\t<\/div>\n\t\t\t\t\t<\/div>\n\t\t<\/section>\n\t\t\t\t<section class=\"elementor-section elementor-top-section elementor-element elementor-element-00cb4c2 elementor-section-boxed elementor-section-height-default elementor-section-height-default\" data-id=\"00cb4c2\" data-element_type=\"section\" data-e-type=\"section\">\n\t\t\t\t\t\t<div class=\"elementor-container elementor-column-gap-default\">\n\t\t\t\t\t<div class=\"elementor-column elementor-col-100 elementor-top-column elementor-element elementor-element-50380aa\" data-id=\"50380aa\" data-element_type=\"column\" data-e-type=\"column\">\n\t\t\t<div class=\"elementor-widget-wrap elementor-element-populated\">\n\t\t\t\t\t\t<div class=\"elementor-element elementor-element-8625453 elementor-align-center elementor-widget elementor-widget-button\" data-id=\"8625453\" data-element_type=\"widget\" data-e-type=\"widget\" data-widget_type=\"button.default\">\n\t\t\t\t<div class=\"elementor-widget-container\">\n\t\t\t\t\t\t\t\t\t<div class=\"elementor-button-wrapper\">\n\t\t\t\t\t<a class=\"elementor-button elementor-button-link elementor-size-sm\" href=\"https:\/\/maristas.voilait.com\/inscripcion\" target=\"_blank\">\n\t\t\t\t\t\t<span class=\"elementor-button-content-wrapper\">\n\t\t\t\t\t\t\t\t\t<span class=\"elementor-button-text\">ADMISIONES <\/span>\n\t\t\t\t\t<\/span>\n\t\t\t\t\t<\/a>\n\t\t\t\t<\/div>\n\t\t\t\t\t\t\t\t<\/div>\n\t\t\t\t<\/div>\n\t\t\t\t\t<\/div>\n\t\t<\/div>\n\t\t\t\t\t<\/div>\n\t\t<\/section>\n\t\t\t\t<\/div>\n\t\t","protected":false},"excerpt":{"rendered":"<p>ADMISIONES \u00a1Descubr\u00ed la experiencia Marista!\u00a0 Matr\u00edcula abierta para preescolar. Todos los niveles desde prematernal (1 a\u00f1o y medio) hasta kinder (4 a\u00f1os) prematricula preparatoria (5 a\u00f1os). Ademas de descubrir la experiencia Marista en primaria y secundaria. Tenemos inscripciones abiertas para realizar las pruebas de admisi\u00f3n para el curso lectivo 2023. ADMISIONES<\/p>\n","protected":false},"author":4,"featured_media":0,"parent":1818,"menu_order":2,"comment_status":"closed","ping_status":"closed","template":"elementor_header_footer","meta":{"_monsterinsights_skip_tracking":false,"_monsterinsights_sitenote_active":false,"_monsterinsights_sitenote_note":"","_monsterinsights_sitenote_category":0,"footnotes":""},"class_list":["post-1829","page","type-page","status-publish","hentry"],"_links":{"self":[{"href":"https:\/\/maristacostarica.org\/home\/wp-json\/wp\/v2\/pages\/1829","targetHints":{"allow":["GET"]}}],"collection":[{"href":"https:\/\/maristacostarica.org\/home\/wp-json\/wp\/v2\/pages"}],"about":[{"href":"https:\/\/maristacostarica.org\/home\/wp-json\/wp\/v2\/types\/page"}],"author":[{"embeddable":true,"href":"https:\/\/maristacostarica.org\/home\/wp-json\/wp\/v2\/users\/4"}],"replies":[{"embeddable":true,"href":"https:\/\/maristacostarica.org\/home\/wp-json\/wp\/v2\/comments?post=1829"}],"version-history":[{"count":32,"href":"https:\/\/maristacostarica.org\/home\/wp-json\/wp\/v2\/pages\/1829\/revisions"}],"predecessor-version":[{"id":4057,"href":"https:\/\/maristacostarica.org\/home\/wp-json\/wp\/v2\/pages\/1829\/revisions\/4057"}],"up":[{"embeddable":true,"href":"https:\/\/maristacostarica.org\/home\/wp-json\/wp\/v2\/pages\/1818"}],"wp:attachment":[{"href":"https:\/\/maristacostarica.org\/home\/wp-json\/wp\/v2\/media?parent=1829"}],"curies":[{"name":"wp","href":"https:\/\/api.w.org\/{rel}","templated":true}]}}